{"id":10,"date":"2023-10-18T09:13:58","date_gmt":"2023-10-18T09:13:58","guid":{"rendered":"http:\/\/sztermi.szte.hu\/?page_id=10"},"modified":"2025-06-27T13:00:12","modified_gmt":"2025-06-27T13:00:12","slug":"intezetunkrol","status":"publish","type":"page","link":"https:\/\/sztermi.szte.hu\/en\/intezetunkrol\/","title":{"rendered":"Int\u00e9zet\u00fcnkr\u0151l"},"content":{"rendered":"","protected":false},"excerpt":{"rendered":"","protected":false},"author":1,"featured_media":177,"parent":0,"menu_order":0,"comment_status":"closed","ping_status":"closed","template":"intezetunkrol.php","meta":{"footnotes":""},"acf":[],"_links":{"self":[{"href":"https:\/\/sztermi.szte.hu\/en\/wp-json\/wp\/v2\/pages\/10"}],"collection":[{"href":"https:\/\/sztermi.szte.hu\/en\/wp-json\/wp\/v2\/pages"}],"about":[{"href":"https:\/\/sztermi.szte.hu\/en\/wp-json\/wp\/v2\/types\/page"}],"author":[{"embeddable":true,"href":"https:\/\/sztermi.szte.hu\/en\/wp-json\/wp\/v2\/users\/1"}],"replies":[{"embeddable":true,"href":"https:\/\/sztermi.szte.hu\/en\/wp-json\/wp\/v2\/comments?post=10"}],"version-history":[{"count":29,"href":"https:\/\/sztermi.szte.hu\/en\/wp-json\/wp\/v2\/pages\/10\/revisions"}],"predecessor-version":[{"id":516,"href":"https:\/\/sztermi.szte.hu\/en\/wp-json\/wp\/v2\/pages\/10\/revisions\/516"}],"wp:featuredmedia":[{"embeddable":true,"href":"https:\/\/sztermi.szte.hu\/en\/wp-json\/wp\/v2\/media\/177"}],"wp:attachment":[{"href":"https:\/\/sztermi.szte.hu\/en\/wp-json\/wp\/v2\/media?parent=10"}],"curies":[{"name":"wp","href":"https:\/\/api.w.org\/{rel}","templated":true}]}}