{"id":323,"date":"2023-10-27T08:35:44","date_gmt":"2023-10-27T08:35:44","guid":{"rendered":"http:\/\/sztermi.szte.hu\/?page_id=323"},"modified":"2023-12-01T08:36:27","modified_gmt":"2023-12-01T08:36:27","slug":"belepes","status":"publish","type":"page","link":"https:\/\/sztermi.szte.hu\/en\/belepes\/","title":{"rendered":"Bel\u00e9p\u00e9s"},"content":{"rendered":"<h3 class=\"wp-block-heading has-text-align-center\">Bejelentkez\u00e9s<\/h3>\n\n\n\n<p class=\"has-text-align-center\">Az RMI Gondoskod\u00e1s az SZTE RMI Kft. p\u00e1ciensei r\u00e9sz\u00e9re l\u00e9trehozott felu\u0308let, ahol minden szu\u0308ks\u00e9ges inform\u00e1ci\u00f3t megtal\u00e1l amire a kezel\u00e9s alatt szu\u0308ks\u00e9ge lehet.<\/p>","protected":false},"excerpt":{"rendered":"<p>Bejelentkez\u00e9s Az RMI Gondoskod\u00e1s az SZTE RMI Kft. p\u00e1ciensei r\u00e9sz\u00e9re l\u00e9trehozott felu\u0308let, ahol minden szu\u0308ks\u00e9ges inform\u00e1ci\u00f3t megtal\u00e1l amire a kezel\u00e9s alatt szu\u0308ks\u00e9ge lehet.<\/p>","protected":false},"author":1,"featured_media":0,"parent":0,"menu_order":0,"comment_status":"closed","ping_status":"closed","template":"belepes.php","meta":{"footnotes":""},"acf":[],"_links":{"self":[{"href":"https:\/\/sztermi.szte.hu\/en\/wp-json\/wp\/v2\/pages\/323"}],"collection":[{"href":"https:\/\/sztermi.szte.hu\/en\/wp-json\/wp\/v2\/pages"}],"about":[{"href":"https:\/\/sztermi.szte.hu\/en\/wp-json\/wp\/v2\/types\/page"}],"author":[{"embeddable":true,"href":"https:\/\/sztermi.szte.hu\/en\/wp-json\/wp\/v2\/users\/1"}],"replies":[{"embeddable":true,"href":"https:\/\/sztermi.szte.hu\/en\/wp-json\/wp\/v2\/comments?post=323"}],"version-history":[{"count":3,"href":"https:\/\/sztermi.szte.hu\/en\/wp-json\/wp\/v2\/pages\/323\/revisions"}],"predecessor-version":[{"id":421,"href":"https:\/\/sztermi.szte.hu\/en\/wp-json\/wp\/v2\/pages\/323\/revisions\/421"}],"wp:attachment":[{"href":"https:\/\/sztermi.szte.hu\/en\/wp-json\/wp\/v2\/media?parent=323"}],"curies":[{"name":"wp","href":"https:\/\/api.w.org\/{rel}","templated":true}]}}